{"id":164,"date":"2022-01-23T14:01:24","date_gmt":"2022-01-23T13:01:24","guid":{"rendered":"https:\/\/anavillafana.com\/?page_id=164"},"modified":"2022-03-05T20:05:34","modified_gmt":"2022-03-05T19:05:34","slug":"serie-combi-visions-de-lima","status":"publish","type":"page","link":"https:\/\/anavillafana.com\/index.php\/serie-combi-visions-de-lima\/","title":{"rendered":"Combi: Visions de Lima"},"content":{"rendered":"\t\t<div data-elementor-type=\"wp-page\" data-elementor-id=\"164\" class=\"elementor elementor-164\" data-elementor-settings=\"[]\">\n\t\t\t\t\t\t\t<div class=\"elementor-section-wrap\">\n\t\t\t\t\t\t\t<section class=\"elementor-section elementor-top-section elementor-element elementor-element-3d1b5fc elementor-section-boxed elementor-section-height-default elementor-section-height-default\" data-id=\"3d1b5fc\" data-element_type=\"section\">\n\t\t\t\t\t\t<div class=\"elementor-container elementor-column-gap-default\">\n\t\t\t\t\t<div class=\"elementor-column elementor-col-100 elementor-top-column elementor-element elementor-element-474979b\" data-id=\"474979b\" data-element_type=\"column\">\n\t\t\t<div class=\"elementor-widget-wrap elementor-element-populated\">\n\t\t\t\t\t\t\t\t<div class=\"elementor-element elementor-element-041108f elementor-widget elementor-widget-text-editor\" data-id=\"041108f\" data-element_type=\"widget\" data-widget_type=\"text-editor.default\">\n\t\t\t\t<div class=\"elementor-widget-container\">\n\t\t\t<style>\/*! elementor - v3.5.6 - 28-02-2022 *\/\n.elementor-widget-text-editor.elementor-drop-cap-view-stacked .elementor-drop-cap{background-color:#818a91;color:#fff}.elementor-widget-text-editor.elementor-drop-cap-view-framed .elementor-drop-cap{color:#818a91;border:3px solid;background-color:transparent}.elementor-widget-text-editor:not(.elementor-drop-cap-view-default) .elementor-drop-cap{margin-top:8px}.elementor-widget-text-editor:not(.elementor-drop-cap-view-default) .elementor-drop-cap-letter{width:1em;height:1em}.elementor-widget-text-editor .elementor-drop-cap{float:left;text-align:center;line-height:1;font-size:50px}.elementor-widget-text-editor .elementor-drop-cap-letter{display:inline-block}<\/style>\t\t\t\t<p><i>S\u00e9rie de dessins en encre sur collage des tickets de bus p\u00e9ruviens<\/i><\/p><p><i><span style=\"color: var( --e-global-color-text );\">2017<\/span><\/i><\/p>\t\t\t\t\t\t<\/div>\n\t\t\t\t<\/div>\n\t\t\t\t\t<\/div>\n\t\t<\/div>\n\t\t\t\t\t\t\t<\/div>\n\t\t<\/section>\n\t\t\t\t<section class=\"elementor-section elementor-top-section elementor-element elementor-element-34d6cfd7 elementor-section-boxed elementor-section-height-default elementor-section-height-default\" data-id=\"34d6cfd7\" data-element_type=\"section\">\n\t\t\t\t\t\t<div class=\"elementor-container elementor-column-gap-default\">\n\t\t\t\t\t<div class=\"elementor-column elementor-col-100 elementor-top-column elementor-element elementor-element-3ae49ccf\" data-id=\"3ae49ccf\" data-element_type=\"column\">\n\t\t\t<div class=\"elementor-widget-wrap elementor-element-populated\">\n\t\t\t\t\t\t\t\t<div class=\"elementor-element elementor-element-1a5a335b elementor-widget elementor-widget-text-editor\" data-id=\"1a5a335b\" data-element_type=\"widget\" data-widget_type=\"text-editor.default\">\n\t\t\t\t<div class=\"elementor-widget-container\">\n\t\t\t\t\t\t\t<p><br><\/p>\n<p>Ces illustrations proposent un regard d\u00e9cal\u00e9 sur un \u00e9v\u00e9nement ordinaire, v\u00e9cu au quotidien au P\u00e9rou, notamment \u00e0 la ville de Lima : prendre un mini bus, un \u00ab combi \u00bb.&nbsp; L\u2019artiste recueille ses m\u00e9moires de jeunesse \u00e0 Lima et ses embouteillages en assemblant des tickets de bus sur du papier calque : papiers aux motifs vari\u00e9s et color\u00e9s, devenus un support color\u00e9 pour \u00e9voquer des images urbaines.<br><\/p>\n<div><br><\/div>\t\t\t\t\t\t<\/div>\n\t\t\t\t<\/div>\n\t\t\t\t\t<\/div>\n\t\t<\/div>\n\t\t\t\t\t\t\t<\/div>\n\t\t<\/section>\n\t\t\t\t<section class=\"elementor-section elementor-top-section elementor-element elementor-element-cdeb87c elementor-section-boxed elementor-section-height-default elementor-section-height-default\" data-id=\"cdeb87c\" data-element_type=\"section\">\n\t\t\t\t\t\t<div class=\"elementor-container elementor-column-gap-default\">\n\t\t\t\t\t<div class=\"elementor-column elementor-col-100 elementor-top-column elementor-element elementor-element-fa34766\" data-id=\"fa34766\" data-element_type=\"column\">\n\t\t\t<div class=\"elementor-widget-wrap elementor-element-populated\">\n\t\t\t\t\t\t\t\t<div class=\"elementor-element elementor-element-d20cc19 elementor-widget elementor-widget-image\" data-id=\"d20cc19\" data-element_type=\"widget\" data-widget_type=\"image.default\">\n\t\t\t\t<div class=\"elementor-widget-container\">\n\t\t\t<style>\/*! elementor - v3.5.6 - 28-02-2022 *\/\n.elementor-widget-image{text-align:center}.elementor-widget-image a{display:inline-block}.elementor-widget-image a img[src$=\".svg\"]{width:48px}.elementor-widget-image img{vertical-align:middle;display:inline-block}<\/style>\t\t\t\t\t\t\t\t\t<figure class=\"wp-caption\">\n\t\t\t\t\t\t\t\t\t\t<img width=\"1024\" height=\"717\" src=\"https:\/\/anavillafana.com\/wp-content\/uploads\/2022\/01\/cropped-Cerro-de-San-Cristobal-1024x717.jpg\" class=\"attachment-large size-large\" alt=\"\" loading=\"lazy\" srcset=\"https:\/\/anavillafana.com\/wp-content\/uploads\/2022\/01\/cropped-Cerro-de-San-Cristobal-1024x717.jpg 1024w, https:\/\/anavillafana.com\/wp-content\/uploads\/2022\/01\/cropped-Cerro-de-San-Cristobal-300x210.jpg 300w, https:\/\/anavillafana.com\/wp-content\/uploads\/2022\/01\/cropped-Cerro-de-San-Cristobal-768x538.jpg 768w, https:\/\/anavillafana.com\/wp-content\/uploads\/2022\/01\/cropped-Cerro-de-San-Cristobal-1536x1075.jpg 1536w, https:\/\/anavillafana.com\/wp-content\/uploads\/2022\/01\/cropped-Cerro-de-San-Cristobal.jpg 2000w\" sizes=\"(max-width: 1024px) 100vw, 1024px\" \/>\t\t\t\t\t\t\t\t\t\t\t<figcaption class=\"widget-image-caption wp-caption-text\">Cerro de San Cristobal<\/figcaption>\n\t\t\t\t\t\t\t\t\t\t<\/figure>\n\t\t\t\t\t\t\t\t\t<\/div>\n\t\t\t\t<\/div>\n\t\t\t\t\t<\/div>\n\t\t<\/div>\n\t\t\t\t\t\t\t<\/div>\n\t\t<\/section>\n\t\t\t\t<section class=\"elementor-section elementor-top-section elementor-element elementor-element-0e7a742 elementor-section-boxed elementor-section-height-default elementor-section-height-default\" data-id=\"0e7a742\" data-element_type=\"section\">\n\t\t\t\t\t\t<div class=\"elementor-container elementor-column-gap-default\">\n\t\t\t\t\t<div class=\"elementor-column elementor-col-33 elementor-top-column elementor-element elementor-element-89d1d5a\" data-id=\"89d1d5a\" data-element_type=\"column\">\n\t\t\t<div class=\"elementor-widget-wrap elementor-element-populated\">\n\t\t\t\t\t\t\t\t<div class=\"elementor-element elementor-element-da1dc9b elementor-widget elementor-widget-image\" data-id=\"da1dc9b\" data-element_type=\"widget\" data-widget_type=\"image.default\">\n\t\t\t\t<div class=\"elementor-widget-container\">\n\t\t\t\t\t\t\t\t\t\t\t\t<figure class=\"wp-caption\">\n\t\t\t\t\t\t\t\t\t\t<img width=\"398\" height=\"609\" src=\"https:\/\/anavillafana.com\/wp-content\/uploads\/2022\/01\/Catedral-de-Lima.jpg\" class=\"attachment-large size-large\" alt=\"\" loading=\"lazy\" srcset=\"https:\/\/anavillafana.com\/wp-content\/uploads\/2022\/01\/Catedral-de-Lima.jpg 398w, https:\/\/anavillafana.com\/wp-content\/uploads\/2022\/01\/Catedral-de-Lima-196x300.jpg 196w\" sizes=\"(max-width: 398px) 100vw, 398px\" \/>\t\t\t\t\t\t\t\t\t\t\t<figcaption class=\"widget-image-caption wp-caption-text\">Cath\u00e9drale de Lima<\/figcaption>\n\t\t\t\t\t\t\t\t\t\t<\/figure>\n\t\t\t\t\t\t\t\t\t<\/div>\n\t\t\t\t<\/div>\n\t\t\t\t\t<\/div>\n\t\t<\/div>\n\t\t\t\t<div class=\"elementor-column elementor-col-66 elementor-top-column elementor-element elementor-element-58ecb7b\" data-id=\"58ecb7b\" data-element_type=\"column\">\n\t\t\t<div class=\"elementor-widget-wrap elementor-element-populated\">\n\t\t\t\t\t\t\t\t<div class=\"elementor-element elementor-element-a5d157a elementor-widget elementor-widget-image\" data-id=\"a5d157a\" data-element_type=\"widget\" data-widget_type=\"image.default\">\n\t\t\t\t<div class=\"elementor-widget-container\">\n\t\t\t\t\t\t\t\t\t\t\t\t<figure class=\"wp-caption\">\n\t\t\t\t\t\t\t\t\t\t<img width=\"1024\" height=\"672\" src=\"https:\/\/anavillafana.com\/wp-content\/uploads\/2022\/01\/Congestion-limena-1024x672.jpg\" class=\"attachment-large size-large\" alt=\"\" loading=\"lazy\" srcset=\"https:\/\/anavillafana.com\/wp-content\/uploads\/2022\/01\/Congestion-limena-1024x672.jpg 1024w, https:\/\/anavillafana.com\/wp-content\/uploads\/2022\/01\/Congestion-limena-300x197.jpg 300w, https:\/\/anavillafana.com\/wp-content\/uploads\/2022\/01\/Congestion-limena-768x504.jpg 768w, https:\/\/anavillafana.com\/wp-content\/uploads\/2022\/01\/Congestion-limena.jpg 1127w\" sizes=\"(max-width: 1024px) 100vw, 1024px\" \/>\t\t\t\t\t\t\t\t\t\t\t<figcaption class=\"widget-image-caption wp-caption-text\">Congestion lim\u00e9nienne<\/figcaption>\n\t\t\t\t\t\t\t\t\t\t<\/figure>\n\t\t\t\t\t\t\t\t\t<\/div>\n\t\t\t\t<\/div>\n\t\t\t\t\t<\/div>\n\t\t<\/div>\n\t\t\t\t\t\t\t<\/div>\n\t\t<\/section>\n\t\t\t\t\t\t<\/div>\n\t\t\t\t\t<\/div>\n\t\t","protected":false},"excerpt":{"rendered":"<p>S\u00e9rie de dessins en encre sur collage des tickets de bus p\u00e9ruviens 2017 Ces illustrations proposent un regard d\u00e9cal\u00e9 sur un \u00e9v\u00e9nement ordinaire, v\u00e9cu au quotidien au P\u00e9rou, notamment \u00e0 la ville de Lima : prendre un mini bus, un \u00ab combi \u00bb.&nbsp; L\u2019artiste recueille ses m\u00e9moires de jeunesse \u00e0 Lima et ses embouteillages en [&hellip;]<\/p>\n","protected":false},"author":1,"featured_media":0,"parent":0,"menu_order":0,"comment_status":"closed","ping_status":"closed","template":"","meta":[],"_links":{"self":[{"href":"https:\/\/anavillafana.com\/index.php\/wp-json\/wp\/v2\/pages\/164"}],"collection":[{"href":"https:\/\/anavillafana.com\/index.php\/wp-json\/wp\/v2\/pages"}],"about":[{"href":"https:\/\/anavillafana.com\/index.php\/wp-json\/wp\/v2\/types\/page"}],"author":[{"embeddable":true,"href":"https:\/\/anavillafana.com\/index.php\/wp-json\/wp\/v2\/users\/1"}],"replies":[{"embeddable":true,"href":"https:\/\/anavillafana.com\/index.php\/wp-json\/wp\/v2\/comments?post=164"}],"version-history":[{"count":16,"href":"https:\/\/anavillafana.com\/index.php\/wp-json\/wp\/v2\/pages\/164\/revisions"}],"predecessor-version":[{"id":616,"href":"https:\/\/anavillafana.com\/index.php\/wp-json\/wp\/v2\/pages\/164\/revisions\/616"}],"wp:attachment":[{"href":"https:\/\/anavillafana.com\/index.php\/wp-json\/wp\/v2\/media?parent=164"}],"curies":[{"name":"wp","href":"https:\/\/api.w.org\/{rel}","templated":true}]}}