{"id":177,"date":"2022-01-28T17:57:11","date_gmt":"2022-01-28T16:57:11","guid":{"rendered":"https:\/\/anavillafana.com\/?page_id=177"},"modified":"2022-02-17T19:31:10","modified_gmt":"2022-02-17T18:31:10","slug":"elementor-177","status":"publish","type":"page","link":"https:\/\/anavillafana.com\/index.php\/elementor-177\/","title":{"rendered":"Esperanza Pasajero"},"content":{"rendered":"\t\t<div data-elementor-type=\"wp-page\" data-elementor-id=\"177\" class=\"elementor elementor-177\" data-elementor-settings=\"[]\">\n\t\t\t\t\t\t\t<div class=\"elementor-section-wrap\">\n\t\t\t\t\t\t\t<section class=\"elementor-section elementor-top-section elementor-element elementor-element-2cd91d6 elementor-section-boxed elementor-section-height-default elementor-section-height-default\" data-id=\"2cd91d6\" data-element_type=\"section\">\n\t\t\t\t\t\t<div class=\"elementor-container elementor-column-gap-default\">\n\t\t\t\t\t<div class=\"elementor-column elementor-col-100 elementor-top-column elementor-element elementor-element-40d9a1c\" data-id=\"40d9a1c\" data-element_type=\"column\">\n\t\t\t<div class=\"elementor-widget-wrap elementor-element-populated\">\n\t\t\t\t\t\t\t\t<div class=\"elementor-element elementor-element-783cea2 elementor-widget elementor-widget-text-editor\" data-id=\"783cea2\" data-element_type=\"widget\" data-widget_type=\"text-editor.default\">\n\t\t\t\t<div class=\"elementor-widget-container\">\n\t\t\t<style>\/*! elementor - v3.5.6 - 28-02-2022 *\/\n.elementor-widget-text-editor.elementor-drop-cap-view-stacked .elementor-drop-cap{background-color:#818a91;color:#fff}.elementor-widget-text-editor.elementor-drop-cap-view-framed .elementor-drop-cap{color:#818a91;border:3px solid;background-color:transparent}.elementor-widget-text-editor:not(.elementor-drop-cap-view-default) .elementor-drop-cap{margin-top:8px}.elementor-widget-text-editor:not(.elementor-drop-cap-view-default) .elementor-drop-cap-letter{width:1em;height:1em}.elementor-widget-text-editor .elementor-drop-cap{float:left;text-align:center;line-height:1;font-size:50px}.elementor-widget-text-editor .elementor-drop-cap-letter{display:inline-block}<\/style>\t\t\t\t<p><b style=\"\">L\u2019espoir, passager<\/b><br><i>Sculpture, assemblage d\u2019objets divers. 2017<\/i><br><i>20x 14&#215;7 cm<\/i><\/p>\t\t\t\t\t\t<\/div>\n\t\t\t\t<\/div>\n\t\t\t\t\t<\/div>\n\t\t<\/div>\n\t\t\t\t\t\t\t<\/div>\n\t\t<\/section>\n\t\t\t\t<section class=\"elementor-section elementor-top-section elementor-element elementor-element-5b53eac elementor-section-boxed elementor-section-height-default elementor-section-height-default\" data-id=\"5b53eac\" data-element_type=\"section\">\n\t\t\t\t\t\t<div class=\"elementor-container elementor-column-gap-default\">\n\t\t\t\t\t<div class=\"elementor-column elementor-col-100 elementor-top-column elementor-element elementor-element-b6cbf03\" data-id=\"b6cbf03\" data-element_type=\"column\">\n\t\t\t<div class=\"elementor-widget-wrap elementor-element-populated\">\n\t\t\t\t\t\t\t\t<div class=\"elementor-element elementor-element-4c66714 elementor-widget elementor-widget-text-editor\" data-id=\"4c66714\" data-element_type=\"widget\" data-widget_type=\"text-editor.default\">\n\t\t\t\t<div class=\"elementor-widget-container\">\n\t\t\t\t\t\t\t<p>Ex-voto qui assemble des objets divers pour \u00e9voquer le quotidien du transport public p\u00e9ruvien. La dimension religieuse que les chauffeurs des bus ajoutent \u00e0 leurs v\u00e9hicules constitue un ensemble de symboles et d\u2019objets que l\u2019artiste tenait \u00e0 remarquer: la bo\u00eete de premiers soins typiquement install\u00e9 se trouve ici remplie d\u2019\u00e9l\u00e9ments tels qu\u2019une sainte populaire \u00abSarita Colonia\u00bb, un<br \/>chapelet, mais aussi une chaussure de b\u00e9b\u00e9 usag\u00e9e pour \u00e9voquer leur foi et leurs pens\u00e9es pour le bien-\u00eatre de leur famille si jamais un accident arrive.<\/p>\t\t\t\t\t\t<\/div>\n\t\t\t\t<\/div>\n\t\t\t\t\t<\/div>\n\t\t<\/div>\n\t\t\t\t\t\t\t<\/div>\n\t\t<\/section>\n\t\t\t\t<section class=\"elementor-section elementor-top-section elementor-element elementor-element-ee4be99 elementor-section-boxed elementor-section-height-default elementor-section-height-default\" data-id=\"ee4be99\" data-element_type=\"section\">\n\t\t\t\t\t\t<div class=\"elementor-container elementor-column-gap-default\">\n\t\t\t\t\t<div class=\"elementor-column elementor-col-100 elementor-top-column elementor-element elementor-element-eaa0d6d\" data-id=\"eaa0d6d\" data-element_type=\"column\">\n\t\t\t<div class=\"elementor-widget-wrap elementor-element-populated\">\n\t\t\t\t\t\t\t\t<div class=\"elementor-element elementor-element-550844a elementor-widget elementor-widget-image\" data-id=\"550844a\" data-element_type=\"widget\" data-widget_type=\"image.default\">\n\t\t\t\t<div class=\"elementor-widget-container\">\n\t\t\t<style>\/*! elementor - v3.5.6 - 28-02-2022 *\/\n.elementor-widget-image{text-align:center}.elementor-widget-image a{display:inline-block}.elementor-widget-image a img[src$=\".svg\"]{width:48px}.elementor-widget-image img{vertical-align:middle;display:inline-block}<\/style>\t\t\t\t\t\t\t\t\t\t\t\t<img width=\"538\" height=\"304\" src=\"https:\/\/anavillafana.com\/wp-content\/uploads\/2022\/01\/Esperanza-pasajero.gif\" class=\"attachment-large size-large\" alt=\"\" loading=\"lazy\" \/>\t\t\t\t\t\t\t\t\t\t\t\t\t\t\t<\/div>\n\t\t\t\t<\/div>\n\t\t\t\t\t<\/div>\n\t\t<\/div>\n\t\t\t\t\t\t\t<\/div>\n\t\t<\/section>\n\t\t\t\t\t\t<\/div>\n\t\t\t\t\t<\/div>\n\t\t","protected":false},"excerpt":{"rendered":"<p>L\u2019espoir, passagerSculpture, assemblage d\u2019objets divers. 201720x 14&#215;7 cm Ex-voto qui assemble des objets divers pour \u00e9voquer le quotidien du transport public p\u00e9ruvien. La dimension religieuse que les chauffeurs des bus ajoutent \u00e0 leurs v\u00e9hicules constitue un ensemble de symboles et d\u2019objets que l\u2019artiste tenait \u00e0 remarquer: la bo\u00eete de premiers soins typiquement install\u00e9 se trouve [&hellip;]<\/p>\n","protected":false},"author":1,"featured_media":0,"parent":0,"menu_order":0,"comment_status":"closed","ping_status":"closed","template":"","meta":[],"_links":{"self":[{"href":"https:\/\/anavillafana.com\/index.php\/wp-json\/wp\/v2\/pages\/177"}],"collection":[{"href":"https:\/\/anavillafana.com\/index.php\/wp-json\/wp\/v2\/pages"}],"about":[{"href":"https:\/\/anavillafana.com\/index.php\/wp-json\/wp\/v2\/types\/page"}],"author":[{"embeddable":true,"href":"https:\/\/anavillafana.com\/index.php\/wp-json\/wp\/v2\/users\/1"}],"replies":[{"embeddable":true,"href":"https:\/\/anavillafana.com\/index.php\/wp-json\/wp\/v2\/comments?post=177"}],"version-history":[{"count":11,"href":"https:\/\/anavillafana.com\/index.php\/wp-json\/wp\/v2\/pages\/177\/revisions"}],"predecessor-version":[{"id":188,"href":"https:\/\/anavillafana.com\/index.php\/wp-json\/wp\/v2\/pages\/177\/revisions\/188"}],"wp:attachment":[{"href":"https:\/\/anavillafana.com\/index.php\/wp-json\/wp\/v2\/media?parent=177"}],"curies":[{"name":"wp","href":"https:\/\/api.w.org\/{rel}","templated":true}]}}